{"id":376,"date":"2023-09-26T09:52:57","date_gmt":"2023-09-26T07:52:57","guid":{"rendered":"https:\/\/wh-copywriter.com\/?page_id=376"},"modified":"2025-09-17T14:23:28","modified_gmt":"2025-09-17T12:23:28","slug":"plus-sur-moi","status":"publish","type":"page","link":"https:\/\/wh-copywriter.com\/index.php\/plus-sur-moi\/","title":{"rendered":"Un peu plus sur moi"},"content":{"rendered":"\t\t<div data-elementor-type=\"wp-page\" data-elementor-id=\"376\" class=\"elementor elementor-376\" data-elementor-post-type=\"page\">\n\t\t\t\t\t\t<section class=\"elementor-section elementor-top-section elementor-element elementor-element-1664278 elementor-section-boxed elementor-section-height-default elementor-section-height-default\" data-id=\"1664278\" data-element_type=\"section\" data-settings=\"{&quot;background_background&quot;:&quot;classic&quot;}\">\n\t\t\t\t\t\t<div class=\"elementor-container elementor-column-gap-default\">\n\t\t\t\t\t<div class=\"elementor-column elementor-col-50 elementor-top-column elementor-element elementor-element-c34e930\" data-id=\"c34e930\" data-element_type=\"column\">\n\t\t\t<div class=\"elementor-widget-wrap elementor-element-populated\">\n\t\t\t\t\t\t<div class=\"elementor-element elementor-element-145b358 elementor-widget elementor-widget-heading\" data-id=\"145b358\" data-element_type=\"widget\" data-widget_type=\"heading.default\">\n\t\t\t\t<div class=\"elementor-widget-container\">\n\t\t\t\t\t<h2 class=\"elementor-heading-title elementor-size-default\">Un peu plus sur moi...<\/h2>\t\t\t\t<\/div>\n\t\t\t\t<\/div>\n\t\t\t\t\t<\/div>\n\t\t<\/div>\n\t\t\t\t<div class=\"elementor-column elementor-col-50 elementor-top-column elementor-element elementor-element-241cff4\" data-id=\"241cff4\" data-element_type=\"column\">\n\t\t\t<div class=\"elementor-widget-wrap\">\n\t\t\t\t\t\t\t<\/div>\n\t\t<\/div>\n\t\t\t\t\t<\/div>\n\t\t<\/section>\n\t\t\t\t<section class=\"elementor-section elementor-top-section elementor-element elementor-element-d26062e elementor-section-content-top elementor-section-boxed elementor-section-height-default elementor-section-height-default\" data-id=\"d26062e\" data-element_type=\"section\">\n\t\t\t\t\t\t<div class=\"elementor-container elementor-column-gap-default\">\n\t\t\t\t\t<div class=\"elementor-column elementor-col-50 elementor-top-column elementor-element elementor-element-8b74f90\" data-id=\"8b74f90\" data-element_type=\"column\">\n\t\t\t<div class=\"elementor-widget-wrap elementor-element-populated\">\n\t\t\t\t\t\t<div class=\"elementor-element elementor-element-971d73d elementor-widget__width-initial elementor-widget elementor-widget-image\" data-id=\"971d73d\" data-element_type=\"widget\" data-widget_type=\"image.default\">\n\t\t\t\t<div class=\"elementor-widget-container\">\n\t\t\t\t\t\t\t\t\t\t\t\t\t\t\t<img fetchpriority=\"high\" decoding=\"async\" width=\"300\" height=\"300\" src=\"https:\/\/wh-copywriter.com\/wp-content\/uploads\/2023\/09\/PFP3-300x300.png\" class=\"attachment-medium size-medium wp-image-317\" alt=\"PFP3\" srcset=\"https:\/\/wh-copywriter.com\/wp-content\/uploads\/2023\/09\/PFP3-300x300.png 300w, https:\/\/wh-copywriter.com\/wp-content\/uploads\/2023\/09\/PFP3-150x150.png 150w, https:\/\/wh-copywriter.com\/wp-content\/uploads\/2023\/09\/PFP3-768x768.png 768w, https:\/\/wh-copywriter.com\/wp-content\/uploads\/2023\/09\/PFP3-650x650.png 650w, https:\/\/wh-copywriter.com\/wp-content\/uploads\/2023\/09\/PFP3.png 1000w\" sizes=\"(max-width: 300px) 100vw, 300px\" title=\"\">\t\t\t\t\t\t\t\t\t\t\t\t\t\t\t<\/div>\n\t\t\t\t<\/div>\n\t\t\t\t\t<\/div>\n\t\t<\/div>\n\t\t\t\t<div class=\"elementor-column elementor-col-50 elementor-top-column elementor-element elementor-element-d011d9f\" data-id=\"d011d9f\" data-element_type=\"column\">\n\t\t\t<div class=\"elementor-widget-wrap elementor-element-populated\">\n\t\t\t\t\t\t<div class=\"elementor-element elementor-element-1fa0a24 elementor-widget__width-initial elementor-widget-mobile__width-initial elementor-widget elementor-widget-text-editor\" data-id=\"1fa0a24\" data-element_type=\"widget\" data-widget_type=\"text-editor.default\">\n\t\t\t\t<div class=\"elementor-widget-container\">\n\t\t\t\t\t\t\t\t\t<p><strong>T<\/strong><b>ransformer vos clics en Clients avec un contenu percutant et optimis\u00e9 SEO &#8211; \u00e7a, c&rsquo;est mon domaine !<\/b><\/p><p>Je suis un professionnel du\u00a0<span style=\"color: var(--uicore-typography--p-c,'#070707'); font-family: var(--uicore-typography--p-f,'Inter'); font-style: var(--uicore-typography--p-st,'normal'); font-weight: var(--uicore-typography--p-w,'600'); letter-spacing: var(--uicore-typography--p-ls,'-0.027em'); text-transform: var(--uicore-typography--p-t,'none');\">Copywriting et\u00a0<\/span><span style=\"font-size: inherit; color: var(--uicore-typography--p-c,'#070707'); font-family: var(--uicore-typography--p-f,'Inter'); font-style: var(--uicore-typography--p-st,'normal'); font-weight: var(--uicore-typography--p-w,'600'); letter-spacing: var(--uicore-typography--p-ls,'-0.027em'); text-transform: var(--uicore-typography--p-t,'none');\">Marketing Digital avec plus de 15 ans d&rsquo;exp\u00e9rience.<\/span><\/p><p><b>Je suis bilingue Fran\u00e7ais\/Anglais\u00a0<i>(\u00e7a peut toujours servir)<\/i>.<\/b><\/p><p>J&rsquo;ai cr\u00e9\u00e9 et \u00e9labor\u00e9 toutes sortes de supports marketing ainsi que d&rsquo;innombrables contenus (<i>e-mails, newsletters, tunnels de conversion, r\u00e9daction UX, publicit\u00e9s num\u00e9riques, r\u00e9seaux sociaux, newsletters&#8230;)<\/i>.<\/p><p><b>Je sais \u00e9crire et je sais concevoir des visuels (<\/b><i style=\"font-weight: bold; color: var(--uicore-typography--p-c,'#070707'); font-family: var(--uicore-typography--p-f,'Inter'); letter-spacing: var(--uicore-typography--p-ls,'-0.027em'); text-transform: var(--uicore-typography--p-t,'none');\">\u00e7a peut toujours servir aussi)<\/i><b style=\"font-size: inherit; color: var(--uicore-typography--p-c,'#070707'); font-family: var(--uicore-typography--p-f,'Inter'); font-style: var(--uicore-typography--p-st,'normal'); letter-spacing: var(--uicore-typography--p-ls,'-0.027em'); text-transform: var(--uicore-typography--p-t,'none');\">.<\/b><\/p><p>J&rsquo;ai \u00e9volu\u00e9 dans divers secteurs B2C ou B2B.\u00a0<\/p><p>J&rsquo;ai voyag\u00e9 \u00e0 travers le monde ou pass\u00e9 des nuits solitaires derri\u00e8re mon \u00e9cran et mes claviers \u00e0 composer ou \u00e0 optimiser les messages marketing de mes clients.<\/p><p>J&rsquo;ai relev\u00e9 des d\u00e9fis dans des entreprises de toutes tailles. Et, j&rsquo;ai eu le privil\u00e8ge de contribuer en tant que coll\u00e8gue, manager ou directeur.<\/p><p><span style=\"color: var(--uicore-typography--p-c,'#070707'); font-family: var(--uicore-typography--p-f,'Inter'); font-style: var(--uicore-typography--p-st,'normal'); font-weight: var(--uicore-typography--p-w,'600'); letter-spacing: var(--uicore-typography--p-ls,'-0.027em'); text-transform: var(--uicore-typography--p-t,'none');\">Je vous apporte une approche conviviale, une pens\u00e9e cr\u00e9ative, parfois disruptive, mais surtout, une attitude positive \u00e0 chaque projet sur lequel nous travaillerons. <\/span><\/p><p><span style=\"font-size: inherit; color: var(--uicore-typography--p-c,'#070707'); font-family: var(--uicore-typography--p-f,'Inter'); font-style: var(--uicore-typography--p-st,'normal'); font-weight: var(--uicore-typography--p-w,'600'); letter-spacing: var(--uicore-typography--p-ls,'-0.027em'); text-transform: var(--uicore-typography--p-t,'none');\">Vous pouvez compter sur moi pour communiquer, collaborer et livrer vos textes de la mani\u00e8re la plus transparente qui soit.<\/span><\/p><p>Bien que j&rsquo;ai choisi de me promouvoir par mon expertise de copywriter, je poss\u00e8de une large palette de ressources et d&rsquo;exp\u00e9riences qui ont fait leurs preuves en marketing digital au fil du temps.\u00a0<\/p><p><b>Mais en clair, je suis l\u00e0 pour vous aider.<\/b><\/p>\t\t\t\t\t\t\t\t<\/div>\n\t\t\t\t<\/div>\n\t\t\t\t\t<\/div>\n\t\t<\/div>\n\t\t\t\t\t<\/div>\n\t\t<\/section>\n\t\t\t\t<\/div>\n\t\t","protected":false},"excerpt":{"rendered":"<p>Un peu plus sur moi&#8230; Transformer vos clics en Clients avec un contenu percutant et optimis\u00e9 SEO &#8211; \u00e7a, c&rsquo;est mon domaine [&hellip;]<\/p>\n","protected":false},"author":1,"featured_media":0,"parent":0,"menu_order":0,"comment_status":"closed","ping_status":"closed","template":"","meta":{"footnotes":""},"class_list":["post-376","page","type-page","status-publish","hentry"],"_links":{"self":[{"href":"https:\/\/wh-copywriter.com\/index.php\/wp-json\/wp\/v2\/pages\/376","targetHints":{"allow":["GET"]}}],"collection":[{"href":"https:\/\/wh-copywriter.com\/index.php\/wp-json\/wp\/v2\/pages"}],"about":[{"href":"https:\/\/wh-copywriter.com\/index.php\/wp-json\/wp\/v2\/types\/page"}],"author":[{"embeddable":true,"href":"https:\/\/wh-copywriter.com\/index.php\/wp-json\/wp\/v2\/users\/1"}],"replies":[{"embeddable":true,"href":"https:\/\/wh-copywriter.com\/index.php\/wp-json\/wp\/v2\/comments?post=376"}],"version-history":[{"count":28,"href":"https:\/\/wh-copywriter.com\/index.php\/wp-json\/wp\/v2\/pages\/376\/revisions"}],"predecessor-version":[{"id":1624,"href":"https:\/\/wh-copywriter.com\/index.php\/wp-json\/wp\/v2\/pages\/376\/revisions\/1624"}],"wp:attachment":[{"href":"https:\/\/wh-copywriter.com\/index.php\/wp-json\/wp\/v2\/media?parent=376"}],"curies":[{"name":"wp","href":"https:\/\/api.w.org\/{rel}","templated":true}]}}