{"id":1872,"date":"2024-02-12T15:12:23","date_gmt":"2024-02-12T14:12:23","guid":{"rendered":"https:\/\/wh-copywriter.com\/?page_id=1872"},"modified":"2025-09-17T14:23:17","modified_gmt":"2025-09-17T12:23:17","slug":"introduction-au-copywriting-pour-debutants","status":"publish","type":"page","link":"https:\/\/wh-copywriter.com\/index.php\/introduction-au-copywriting-pour-debutants\/","title":{"rendered":"Introduction au Copywriting pour d\u00e9butants"},"content":{"rendered":"\t\t<div data-elementor-type=\"wp-page\" data-elementor-id=\"1872\" class=\"elementor elementor-1872\" data-elementor-post-type=\"page\">\n\t\t\t\t\t\t<section class=\"elementor-section elementor-top-section elementor-element elementor-element-28355ca5 elementor-section-height-full elementor-section-content-middle elementor-section-boxed elementor-section-height-default elementor-section-items-middle\" data-id=\"28355ca5\" data-element_type=\"section\" data-settings=\"{&quot;background_background&quot;:&quot;classic&quot;}\">\n\t\t\t\t\t\t<div class=\"elementor-container elementor-column-gap-default\">\n\t\t\t\t\t<div class=\"elementor-column elementor-col-50 elementor-top-column elementor-element elementor-element-3718bd88\" data-id=\"3718bd88\" data-element_type=\"column\">\n\t\t\t<div class=\"elementor-widget-wrap elementor-element-populated\">\n\t\t\t\t\t\t<div class=\"elementor-element elementor-element-3438a100 elementor-widget__width-initial elementor-widget elementor-widget-heading\" data-id=\"3438a100\" data-element_type=\"widget\" data-widget_type=\"heading.default\">\n\t\t\t\t<div class=\"elementor-widget-container\">\n\t\t\t\t\t<h4 class=\"elementor-heading-title elementor-size-default\">D\u00e9couvre les secrets du Copywriting et donne vie \u00e0 tes id\u00e9es<\/h4>\t\t\t\t<\/div>\n\t\t\t\t<\/div>\n\t\t\t\t<div class=\"elementor-element elementor-element-1797cc13 elementor-widget__width-initial ui-e-a-animate elementor-widget elementor-widget-highlighted-text\" data-id=\"1797cc13\" data-element_type=\"widget\" data-widget_type=\"highlighted-text.default\">\n\t\t\t\t<div class=\"elementor-widget-container\">\n\t\t\t\t\t\t\t<h1 class=\"ui-e--highlighted-text\" >\r\n        <span class=\"ui-e-headline-text\">Introduction au<\/span><span class=\"whitespace\"> <\/span><span class=\"ui-e-headline-text ui-e-headline-color\">\r\n\t\t\t\t\t\t\t<span class=\"ui-e-headline-text ui-e-headline-highlighted\">Copywriting<\/span><span class=\"uicore-svg-wrapper\"><svg xmlns=\"http:\/\/www.w3.org\/2000\/svg\" viewBox=\"0 0 500 150\" preserveAspectRatio=\"none\"><\/svg><\/span><\/span><span class=\"whitespace\"> <\/span>        <\/h1>\r\n        \t\t\t\t<\/div>\n\t\t\t\t<\/div>\n\t\t\t\t<div class=\"elementor-element elementor-element-3dfb8f47 elementor-widget__width-initial elementor-widget-mobile__width-inherit elementor-widget elementor-widget-text-editor\" data-id=\"3dfb8f47\" data-element_type=\"widget\" data-widget_type=\"text-editor.default\">\n\t\t\t\t<div class=\"elementor-widget-container\">\n\t\t\t\t\t\t\t\t\t<p><strong>Introduction au Copywriting &#8211; Les Fondamentaux\u00a0\u00bb<\/strong> est ton guide essentiel pour te lancer dans l&rsquo;aventure entrepreneuriale avec confiance et cr\u00e9ativit\u00e9.<\/p><p>\ud83d\ude80 <strong>Simple et efficace :<\/strong> Apprends rapidement les techniques de base et les strat\u00e9gies avanc\u00e9es pour captiver ton audience.<\/p><p>\ud83d\udd11 <strong>Cl\u00e9s en main :<\/strong> Tu as des id\u00e9es. Je te donne les mots pour les partager. Tu vas construire des messages qui marquent les esprits et qui vendent.<\/p><p>\ud83c\udf1f <strong>R\u00e9sultats concrets :<\/strong> Avec des exemples pratiques et des conseils \u00e9prouv\u00e9s, transforme ta passion en profits.<\/p><p>\u23f1\ufe0f <strong>Gain de temps :<\/strong> Pas de blabla, que de l&rsquo;action. Applique directement ce que tu apprends.<\/p>\t\t\t\t\t\t\t\t<\/div>\n\t\t\t\t<\/div>\n\t\t\t\t<div class=\"elementor-element elementor-element-f2972e6 elementor-widget-divider--view-line elementor-widget elementor-widget-divider\" data-id=\"f2972e6\" data-element_type=\"widget\" data-widget_type=\"divider.default\">\n\t\t\t\t<div class=\"elementor-widget-container\">\n\t\t\t\t\t\t\t<div class=\"elementor-divider\">\n\t\t\t<span class=\"elementor-divider-separator\">\n\t\t\t\t\t\t<\/span>\n\t\t<\/div>\n\t\t\t\t\t\t<\/div>\n\t\t\t\t<\/div>\n\t\t\t\t<section class=\"elementor-section elementor-inner-section elementor-element elementor-element-47847c1 elementor-section-boxed elementor-section-height-default elementor-section-height-default\" data-id=\"47847c1\" data-element_type=\"section\">\n\t\t\t\t\t\t<div class=\"elementor-container elementor-column-gap-default\">\n\t\t\t\t\t<div class=\"elementor-column elementor-col-50 elementor-inner-column elementor-element elementor-element-88568d3\" data-id=\"88568d3\" data-element_type=\"column\" data-settings=\"{&quot;background_background&quot;:&quot;classic&quot;}\">\n\t\t\t<div class=\"elementor-widget-wrap elementor-element-populated\">\n\t\t\t\t\t\t<div class=\"elementor-element elementor-element-bb1c9bd elementor-widget__width-initial elementor-widget elementor-widget-heading\" data-id=\"bb1c9bd\" data-element_type=\"widget\" data-widget_type=\"heading.default\">\n\t\t\t\t<div class=\"elementor-widget-container\">\n\t\t\t\t\t<h4 class=\"elementor-heading-title elementor-size-default\">Ce que tu vas y apprendre<\/h4>\t\t\t\t<\/div>\n\t\t\t\t<\/div>\n\t\t\t\t<div class=\"elementor-element elementor-element-62d09f2 elementor-widget__width-initial elementor-widget-mobile__width-inherit elementor-widget elementor-widget-text-editor\" data-id=\"62d09f2\" data-element_type=\"widget\" data-widget_type=\"text-editor.default\">\n\t\t\t\t<div class=\"elementor-widget-container\">\n\t\t\t\t\t\t\t\t\t<p><strong>1. Les Bases du Copywriting<\/strong>\u00a0<\/p><p><strong>2. Conna\u00eetre Ton Audience<\/strong><\/p><p><strong>3. Contenus Qui Marquent<\/strong>\u00a0<\/p><p><strong>4. Storytelling et Marque<\/strong>\u00a0<\/p><p><strong>5. SEO et Copywriting<\/strong><\/p><p><strong>6. Analyse et Am\u00e9lioration<\/strong>\u00a0<\/p>\t\t\t\t\t\t\t\t<\/div>\n\t\t\t\t<\/div>\n\t\t\t\t\t<\/div>\n\t\t<\/div>\n\t\t\t\t<div class=\"elementor-column elementor-col-50 elementor-inner-column elementor-element elementor-element-fda11d1\" data-id=\"fda11d1\" data-element_type=\"column\">\n\t\t\t<div class=\"elementor-widget-wrap\">\n\t\t\t\t\t\t\t<\/div>\n\t\t<\/div>\n\t\t\t\t\t<\/div>\n\t\t<\/section>\n\t\t\t\t\t<\/div>\n\t\t<\/div>\n\t\t\t\t<div class=\"elementor-column elementor-col-50 elementor-top-column elementor-element elementor-element-4219be50\" data-id=\"4219be50\" data-element_type=\"column\" data-settings=\"{&quot;background_background&quot;:&quot;classic&quot;}\">\n\t\t\t<div class=\"elementor-widget-wrap elementor-element-populated\">\n\t\t\t\t\t\t<div class=\"elementor-element elementor-element-f474b57 elementor-widget elementor-widget-image\" data-id=\"f474b57\" data-element_type=\"widget\" data-widget_type=\"image.default\">\n\t\t\t\t<div class=\"elementor-widget-container\">\n\t\t\t\t\t\t\t\t\t\t\t\t\t\t\t<img fetchpriority=\"high\" decoding=\"async\" width=\"724\" height=\"1024\" src=\"https:\/\/wh-copywriter.com\/wp-content\/uploads\/2024\/02\/e-book_cover-724x1024.jpg\" class=\"attachment-large size-large wp-image-1886\" alt=\"Introduction au Copywriting\" srcset=\"https:\/\/wh-copywriter.com\/wp-content\/uploads\/2024\/02\/e-book_cover-724x1024.jpg 724w, https:\/\/wh-copywriter.com\/wp-content\/uploads\/2024\/02\/e-book_cover-212x300.jpg 212w, https:\/\/wh-copywriter.com\/wp-content\/uploads\/2024\/02\/e-book_cover-768x1086.jpg 768w, https:\/\/wh-copywriter.com\/wp-content\/uploads\/2024\/02\/e-book_cover-1086x1536.jpg 1086w, https:\/\/wh-copywriter.com\/wp-content\/uploads\/2024\/02\/e-book_cover-460x650.jpg 460w, https:\/\/wh-copywriter.com\/wp-content\/uploads\/2024\/02\/e-book_cover.jpg 1414w\" sizes=\"(max-width: 724px) 100vw, 724px\" title=\"\">\t\t\t\t\t\t\t\t\t\t\t\t\t\t\t<\/div>\n\t\t\t\t<\/div>\n\t\t\t\t<div class=\"elementor-element elementor-element-1686f65 elementor-widget elementor-widget-html\" data-id=\"1686f65\" data-element_type=\"widget\" data-widget_type=\"html.default\">\n\t\t\t\t<div class=\"elementor-widget-container\">\n\t\t\t\t\t\t<style>\n\t\tbutton {\n\t\t\tcolor: #ffffff;\n\t\t\tbackground-color: #9fdd1d;\n\t\t\tfont-size: 16px;\n\t\t\tfont-weight: bold;\n\t\t\tborder: 0px solid #2d63c8;\n\t\t\tpadding: 15px 30px;\n            border-radius: 5px;\n            text-align: center;\n            cursor: pointer\n\t\t}\n\t\tbutton:hover {\n\t\t\tcolor: #ffffff;\n\t\t\tbackground-color: #5271ff;\n\t\t}\n\t<\/style>\n\t\n\t<button class=\"klaviyo_form_trigger\">Je veux l'e-book<\/button>\n\n<script type=\"text\/javascript\">\n\tdocument.querySelector('.klaviyo_form_trigger').addEventListener('click', function (){\n\t\twindow._klOnsite = window._klOnsite || []; \n\t\twindow._klOnsite.push(['openForm', 'WwkPi8']);\n\t});\n<\/script>\t\t\t\t<\/div>\n\t\t\t\t<\/div>\n\t\t\t\t\t<\/div>\n\t\t<\/div>\n\t\t\t\t\t<\/div>\n\t\t<\/section>\n\t\t\t\t<\/div>\n\t\t","protected":false},"excerpt":{"rendered":"<p>D\u00e9couvre les secrets du Copywriting et donne vie \u00e0 tes id\u00e9es Introduction au Copywriting Introduction au Copywriting &#8211; Les Fondamentaux\u00a0\u00bb est ton [&hellip;]<\/p>\n","protected":false},"author":1,"featured_media":1886,"parent":0,"menu_order":0,"comment_status":"closed","ping_status":"closed","template":"","meta":{"footnotes":""},"class_list":["post-1872","page","type-page","status-publish","has-post-thumbnail","hentry"],"_links":{"self":[{"href":"https:\/\/wh-copywriter.com\/index.php\/wp-json\/wp\/v2\/pages\/1872","targetHints":{"allow":["GET"]}}],"collection":[{"href":"https:\/\/wh-copywriter.com\/index.php\/wp-json\/wp\/v2\/pages"}],"about":[{"href":"https:\/\/wh-copywriter.com\/index.php\/wp-json\/wp\/v2\/types\/page"}],"author":[{"embeddable":true,"href":"https:\/\/wh-copywriter.com\/index.php\/wp-json\/wp\/v2\/users\/1"}],"replies":[{"embeddable":true,"href":"https:\/\/wh-copywriter.com\/index.php\/wp-json\/wp\/v2\/comments?post=1872"}],"version-history":[{"count":80,"href":"https:\/\/wh-copywriter.com\/index.php\/wp-json\/wp\/v2\/pages\/1872\/revisions"}],"predecessor-version":[{"id":2072,"href":"https:\/\/wh-copywriter.com\/index.php\/wp-json\/wp\/v2\/pages\/1872\/revisions\/2072"}],"wp:featuredmedia":[{"embeddable":true,"href":"https:\/\/wh-copywriter.com\/index.php\/wp-json\/wp\/v2\/media\/1886"}],"wp:attachment":[{"href":"https:\/\/wh-copywriter.com\/index.php\/wp-json\/wp\/v2\/media?parent=1872"}],"curies":[{"name":"wp","href":"https:\/\/api.w.org\/{rel}","templated":true}]}}